{"id":10368,"date":"2020-02-12T13:11:38","date_gmt":"2020-02-12T12:11:38","guid":{"rendered":"https:\/\/larsens-plads.dk\/kontakt\/"},"modified":"2025-08-08T17:19:48","modified_gmt":"2025-08-08T15:19:48","slug":"kontakt","status":"publish","type":"page","link":"https:\/\/larsens-plads.dk\/de\/kontakt\/","title":{"rendered":"Kontakt"},"content":{"rendered":"\t\t<div data-elementor-type=\"wp-page\" data-elementor-id=\"10368\" class=\"elementor elementor-10368 elementor-61\" data-elementor-post-type=\"page\">\n\t\t\t\t<div class=\"elementor-element elementor-element-730e3fb2 e-con-full no-padding e-flex e-con e-parent\" data-id=\"730e3fb2\" data-element_type=\"container\">\n\t\t\t\t<div class=\"elementor-element elementor-element-29f133c1 elementor-widget elementor-widget-template\" data-id=\"29f133c1\" data-element_type=\"widget\" data-widget_type=\"template.default\">\n\t\t\t\t<div class=\"elementor-widget-container\">\n\t\t\t\t\t<div class=\"elementor-template\">\n\t\t\t\t\t<div data-elementor-type=\"container\" data-elementor-id=\"6563\" class=\"elementor elementor-6563\" data-elementor-post-type=\"elementor_library\">\n\t\t\t\t<div class=\"elementor-element elementor-element-6b499f1f e-con-full no-padding e-flex e-con e-parent\" data-id=\"6b499f1f\" data-element_type=\"container\">\n\t\t\t\t<div class=\"elementor-element elementor-element-1ecbb66 elementor-widget elementor-widget-template\" data-id=\"1ecbb66\" data-element_type=\"widget\" data-widget_type=\"template.default\">\n\t\t\t\t<div class=\"elementor-widget-container\">\n\t\t\t\t\t<div class=\"elementor-template\">\n\t\t\t\t\t<div data-elementor-type=\"container\" data-elementor-id=\"6542\" class=\"elementor elementor-6542\" data-elementor-post-type=\"elementor_library\">\n\t\t\t\t<div class=\"elementor-element elementor-element-2bc4b5ab white e-flex e-con-boxed e-con e-parent\" data-id=\"2bc4b5ab\" data-element_type=\"container\" data-settings=\"{&quot;background_background&quot;:&quot;classic&quot;}\">\n\t\t\t\t\t<div class=\"e-con-inner\">\n\t\t\t\t\t<\/div>\n\t\t\t\t<\/div>\n\t\t\t\t<\/div>\n\t\t\t\t<\/div>\n\t\t\t\t<\/div>\n\t\t\t\t<\/div>\n\t\t\t\t<\/div>\n\t\t\t\t<\/div>\n\t\t\t\t<\/div>\n\t\t\t\t<\/div>\n\t\t\t\t<\/div>\n\t\t\t\t<\/div>\n\t\t<div class=\"elementor-element elementor-element-2987513c e-flex e-con-boxed e-con e-parent\" data-id=\"2987513c\" data-element_type=\"container\">\n\t\t\t\t\t<div class=\"e-con-inner\">\n\t\t<div class=\"elementor-element elementor-element-533103b e-con-full e-flex e-con e-child\" data-id=\"533103b\" data-element_type=\"container\">\n\t\t\t\t<div class=\"elementor-element elementor-element-c4b082e elementor-widget elementor-widget-heading\" data-id=\"c4b082e\" data-element_type=\"widget\" data-widget_type=\"heading.default\">\n\t\t\t\t<div class=\"elementor-widget-container\">\n\t\t\t<h2 class=\"elementor-heading-title elementor-size-default\">Kontaktieren Sie uns noch heute<\/h2>\t\t<\/div>\n\t\t\t\t<\/div>\n\t\t\t\t<div class=\"elementor-element elementor-element-9df2f01 elementor-widget-divider--view-line elementor-widget elementor-widget-divider\" data-id=\"9df2f01\" data-element_type=\"widget\" data-widget_type=\"divider.default\">\n\t\t\t\t<div class=\"elementor-widget-container\">\n\t\t\t\t\t<div class=\"elementor-divider\">\n\t\t\t<span class=\"elementor-divider-separator\">\n\t\t\t\t\t\t<\/span>\n\t\t<\/div>\n\t\t\t\t<\/div>\n\t\t\t\t<\/div>\n\t\t\t\t<div class=\"elementor-element elementor-element-1bf9e48 elementor-widget elementor-widget-text-editor\" data-id=\"1bf9e48\" data-element_type=\"widget\" data-widget_type=\"text-editor.default\">\n\t\t\t\t<div class=\"elementor-widget-container\">\n\t\t\t\t\t\t\t<p>F\u00fcr Reservierungen f\u00fcr denselben Tag oder den darauffolgenden Tag rufen Sie bitte an, anstatt eine E-Mail zu senden, da wir Ihre E-Mail-Adresse m\u00f6glicherweise nicht sehen k\u00f6nnen.<\/p><p>Tische reservieren wir nur drinnen \u2013 die vielen Sitzpl\u00e4tze drau\u00dfen werden nach dem Prinzip \u201eWer zuerst kommt, mahlt zuerst\u201c vergeben.<\/p><p>\u00a0<\/p><p>Wir beantworten alle Anfragen und best\u00e4tigen Reservierungen innerhalb von 1\u20132 Tagen, aber die Antwort kann oft in der Junk-Mail landen, denken Sie also daran, dort nachzuschauen.<\/p>\t\t\t\t\t\t<\/div>\n\t\t\t\t<\/div>\n\t\t\t\t<\/div>\n\t\t<div class=\"elementor-element elementor-element-276129fe e-con-full no-padding e-flex e-con e-child\" data-id=\"276129fe\" data-element_type=\"container\" data-settings=\"{&quot;background_background&quot;:&quot;classic&quot;}\">\n\t\t<div class=\"elementor-element elementor-element-76838785 e-con-full dark padding e-flex e-con e-child\" data-id=\"76838785\" data-element_type=\"container\">\n\t\t\t\t<div class=\"elementor-element elementor-element-7901857c elementor-widget elementor-widget-text-editor\" data-id=\"7901857c\" data-element_type=\"widget\" data-widget_type=\"text-editor.default\">\n\t\t\t\t<div class=\"elementor-widget-container\">\n\t\t\t\t\t\t\t<h3>Unsere Kontaktinformationen<\/h3>\n<p><strong>Larsens Plads<\/strong><br \/><a href=\"https:\/\/www.google.com\/maps\/place\/Marielyst Strandvej 57, 4873 V\u00e6ggerl\u00f8se\" target=\"_blank\" aria-label=\"Adresse\">Marielyst Strandvej 57, 4873 V\u00e6ggerl\u00f8se<\/a><\/p>\n<p><a href=\"tel:+45 54 13 21 70\" aria-label=\"Telefon nummer\">+45 54 13 21 70<\/a><br \/><a href=\"mailto:mail@larsens-plads.dk\" aria-label=\"Email adresse\">mail@larsens-plads.dk<\/a><\/p>\n<p>CVR-Nr.: 29934908<\/p>\n\t\t\t\t\t\t<\/div>\n\t\t\t\t<\/div>\n\t\t\t\t<div class=\"elementor-element elementor-element-2742bfec some elementor-widget elementor-widget-html\" data-id=\"2742bfec\" data-element_type=\"widget\" data-widget_type=\"html.default\">\n\t\t\t\t<div class=\"elementor-widget-container\">\n\t\t\t<a href=\"https:\/\/www.facebook.com\/larsenspladsmarielyst\/\" target=\"_blank\" aria-label=\"F\u00f8lg os p\u00e5 Facebook\"><i class=\"fa-brands fa-facebook-f\"><\/i><\/a>\t\t<\/div>\n\t\t\t\t<\/div>\n\t\t\t\t<\/div>\n\t\t<div class=\"elementor-element elementor-element-25162b14 e-con-full padding e-flex e-con e-child\" data-id=\"25162b14\" data-element_type=\"container\">\n\t\t\t\t<div class=\"elementor-element elementor-element-7228ed32 elementor-widget elementor-widget-heading\" data-id=\"7228ed32\" data-element_type=\"widget\" data-widget_type=\"heading.default\">\n\t\t\t\t<div class=\"elementor-widget-container\">\n\t\t\t<p class=\"elementor-heading-title elementor-size-default\">F\u00fcllen Sie hier das Kontaktformular aus<\/p>\t\t<\/div>\n\t\t\t\t<\/div>\n\t\t\t\t<div class=\"elementor-element elementor-element-44dd15a1 elementor-widget__width-inherit elementor-widget elementor-widget-shortcode\" data-id=\"44dd15a1\" data-element_type=\"widget\" data-widget_type=\"shortcode.default\">\n\t\t\t\t<div class=\"elementor-widget-container\">\n\t\t\t\t\t<div class=\"elementor-shortcode\"><form id=\"forminator-module-10367\" class=\"forminator-custom-form forminator-custom-form-10367\" method=\"post\" data-forminator-render=\"0\" data-uid=\"69dfcb9a815fb\"><div role=\"alert\" aria-live=\"polite\" class=\"forminator-response-message forminator-error\" aria-hidden=\"true\"><\/div><\/form><\/div>\n\t\t\t\t<\/div>\n\t\t\t\t<\/div>\n\t\t\t\t<\/div>\n\t\t\t\t<\/div>\n\t\t\t\t\t<\/div>\n\t\t\t\t<\/div>\n\t\t<div class=\"elementor-element elementor-element-703691b6 e-con-full no-padding e-flex e-con e-parent\" data-id=\"703691b6\" data-element_type=\"container\">\n\t\t\t\t<div class=\"elementor-element elementor-element-451aea5b elementor-widget elementor-widget-google_maps\" data-id=\"451aea5b\" data-element_type=\"widget\" data-widget_type=\"google_maps.default\">\n\t\t\t\t<div class=\"elementor-widget-container\">\n\t\t\t\t\t<div class=\"elementor-custom-embed\">\n\t\t\t<iframe loading=\"lazy\"\n\t\t\t\t\tsrc=\"https:\/\/maps.google.com\/maps?q=Marielyst%20Strandvej%2057%2C%204873%20V%C3%A6ggerl%C3%B8se&#038;t=m&#038;z=10&#038;output=embed&#038;iwloc=near\"\n\t\t\t\t\ttitle=\"Marielyst Strandvej 57, 4873 V\u00e6ggerl\u00f8se\"\n\t\t\t\t\taria-label=\"Marielyst Strandvej 57, 4873 V\u00e6ggerl\u00f8se\"\n\t\t\t><\/iframe>\n\t\t<\/div>\n\t\t\t\t<\/div>\n\t\t\t\t<\/div>\n\t\t\t\t<\/div>\n\t\t\t\t<\/div>\n\t\t","protected":false},"excerpt":{"rendered":"<p>Haben Sie Fragen oder Anmerkungen? Kontaktieren Sie uns noch heute, um mehr dar\u00fcber zu erfahren, was wir f\u00fcr Sie tun k\u00f6nnen.<\/p>\n","protected":false},"author":1,"featured_media":0,"parent":0,"menu_order":0,"comment_status":"closed","ping_status":"closed","template":"","meta":{"_acf_changed":false,"footnotes":""},"categories":[],"class_list":["post-10368","page","type-page","status-publish"],"acf":[],"yoast_head":"<!-- This site is optimized with the Yoast SEO plugin v26.8 - https:\/\/yoast.com\/product\/yoast-seo-wordpress\/ -->\n<title>Kontakt | Larsens Plads<\/title>\n<meta name=\"robots\" content=\"index, follow, max-snippet:-1, max-image-preview:large, max-video-preview:-1\" \/>\n<link rel=\"canonical\" href=\"https:\/\/larsens-plads.dk\/de\/kontakt\/\" \/>\n<meta property=\"og:locale\" content=\"de_DE\" \/>\n<meta property=\"og:type\" content=\"article\" \/>\n<meta property=\"og:title\" content=\"Kontakt | Larsens Plads\" \/>\n<meta property=\"og:description\" content=\"Haben Sie Fragen oder Anmerkungen? Kontaktieren Sie uns noch heute, um mehr dar\u00fcber zu erfahren, was wir f\u00fcr Sie tun k\u00f6nnen.\" \/>\n<meta property=\"og:url\" content=\"https:\/\/larsens-plads.dk\/de\/kontakt\/\" \/>\n<meta property=\"og:site_name\" content=\"Larsens Plads\" \/>\n<meta property=\"article:modified_time\" content=\"2025-08-08T15:19:48+00:00\" \/>\n<meta name=\"twitter:card\" content=\"summary_large_image\" \/>\n<meta name=\"twitter:label1\" content=\"Gesch\u00e4tzte Lesezeit\" \/>\n\t<meta name=\"twitter:data1\" content=\"1\u00a0Minute\" \/>\n<script type=\"application\/ld+json\" class=\"yoast-schema-graph\">{\"@context\":\"https:\/\/schema.org\",\"@graph\":[{\"@type\":\"WebPage\",\"@id\":\"https:\/\/larsens-plads.dk\/de\/kontakt\/\",\"url\":\"https:\/\/larsens-plads.dk\/de\/kontakt\/\",\"name\":\"Kontakt | Larsens Plads\",\"isPartOf\":{\"@id\":\"https:\/\/larsens-plads.webserver10.dk\/#website\"},\"datePublished\":\"2020-02-12T12:11:38+00:00\",\"dateModified\":\"2025-08-08T15:19:48+00:00\",\"breadcrumb\":{\"@id\":\"https:\/\/larsens-plads.dk\/de\/kontakt\/#breadcrumb\"},\"inLanguage\":\"de\",\"potentialAction\":[{\"@type\":\"ReadAction\",\"target\":[\"https:\/\/larsens-plads.dk\/de\/kontakt\/\"]}]},{\"@type\":\"BreadcrumbList\",\"@id\":\"https:\/\/larsens-plads.dk\/de\/kontakt\/#breadcrumb\",\"itemListElement\":[{\"@type\":\"ListItem\",\"position\":1,\"name\":\"Forside\",\"item\":\"https:\/\/larsens-plads.dk\/de\/\"},{\"@type\":\"ListItem\",\"position\":2,\"name\":\"Kontakt\"}]},{\"@type\":\"WebSite\",\"@id\":\"https:\/\/larsens-plads.webserver10.dk\/#website\",\"url\":\"https:\/\/larsens-plads.webserver10.dk\/\",\"name\":\"Larsens Plads\",\"description\":\"Restaurant Larsens Plads \u2013 Restaurant mit Live-Musik in Marielyst\",\"publisher\":{\"@id\":\"https:\/\/larsens-plads.webserver10.dk\/#organization\"},\"potentialAction\":[{\"@type\":\"SearchAction\",\"target\":{\"@type\":\"EntryPoint\",\"urlTemplate\":\"https:\/\/larsens-plads.webserver10.dk\/?s={search_term_string}\"},\"query-input\":{\"@type\":\"PropertyValueSpecification\",\"valueRequired\":true,\"valueName\":\"search_term_string\"}}],\"inLanguage\":\"de\"},{\"@type\":\"Organization\",\"@id\":\"https:\/\/larsens-plads.webserver10.dk\/#organization\",\"name\":\"Larsens Plads\",\"url\":\"https:\/\/larsens-plads.webserver10.dk\/\",\"logo\":{\"@type\":\"ImageObject\",\"inLanguage\":\"de\",\"@id\":\"https:\/\/larsens-plads.webserver10.dk\/#\/schema\/logo\/image\/\",\"url\":\"https:\/\/larsens-plads.dk\/wp-content\/uploads\/2025\/01\/larsenslogo-sort.png\",\"contentUrl\":\"https:\/\/larsens-plads.dk\/wp-content\/uploads\/2025\/01\/larsenslogo-sort.png\",\"width\":2048,\"height\":1617,\"caption\":\"Larsens Plads\"},\"image\":{\"@id\":\"https:\/\/larsens-plads.webserver10.dk\/#\/schema\/logo\/image\/\"}}]}<\/script>\n<!-- \/ Yoast SEO plugin. -->","yoast_head_json":{"title":"Kontakt | Larsens Plads","robots":{"index":"index","follow":"follow","max-snippet":"max-snippet:-1","max-image-preview":"max-image-preview:large","max-video-preview":"max-video-preview:-1"},"canonical":"https:\/\/larsens-plads.dk\/de\/kontakt\/","og_locale":"de_DE","og_type":"article","og_title":"Kontakt | Larsens Plads","og_description":"Haben Sie Fragen oder Anmerkungen? Kontaktieren Sie uns noch heute, um mehr dar\u00fcber zu erfahren, was wir f\u00fcr Sie tun k\u00f6nnen.","og_url":"https:\/\/larsens-plads.dk\/de\/kontakt\/","og_site_name":"Larsens Plads","article_modified_time":"2025-08-08T15:19:48+00:00","twitter_card":"summary_large_image","twitter_misc":{"Gesch\u00e4tzte Lesezeit":"1\u00a0Minute"},"schema":{"@context":"https:\/\/schema.org","@graph":[{"@type":"WebPage","@id":"https:\/\/larsens-plads.dk\/de\/kontakt\/","url":"https:\/\/larsens-plads.dk\/de\/kontakt\/","name":"Kontakt | Larsens Plads","isPartOf":{"@id":"https:\/\/larsens-plads.webserver10.dk\/#website"},"datePublished":"2020-02-12T12:11:38+00:00","dateModified":"2025-08-08T15:19:48+00:00","breadcrumb":{"@id":"https:\/\/larsens-plads.dk\/de\/kontakt\/#breadcrumb"},"inLanguage":"de","potentialAction":[{"@type":"ReadAction","target":["https:\/\/larsens-plads.dk\/de\/kontakt\/"]}]},{"@type":"BreadcrumbList","@id":"https:\/\/larsens-plads.dk\/de\/kontakt\/#breadcrumb","itemListElement":[{"@type":"ListItem","position":1,"name":"Forside","item":"https:\/\/larsens-plads.dk\/de\/"},{"@type":"ListItem","position":2,"name":"Kontakt"}]},{"@type":"WebSite","@id":"https:\/\/larsens-plads.webserver10.dk\/#website","url":"https:\/\/larsens-plads.webserver10.dk\/","name":"Larsens Plads","description":"Restaurant Larsens Plads \u2013 Restaurant mit Live-Musik in Marielyst","publisher":{"@id":"https:\/\/larsens-plads.webserver10.dk\/#organization"},"potentialAction":[{"@type":"SearchAction","target":{"@type":"EntryPoint","urlTemplate":"https:\/\/larsens-plads.webserver10.dk\/?s={search_term_string}"},"query-input":{"@type":"PropertyValueSpecification","valueRequired":true,"valueName":"search_term_string"}}],"inLanguage":"de"},{"@type":"Organization","@id":"https:\/\/larsens-plads.webserver10.dk\/#organization","name":"Larsens Plads","url":"https:\/\/larsens-plads.webserver10.dk\/","logo":{"@type":"ImageObject","inLanguage":"de","@id":"https:\/\/larsens-plads.webserver10.dk\/#\/schema\/logo\/image\/","url":"https:\/\/larsens-plads.dk\/wp-content\/uploads\/2025\/01\/larsenslogo-sort.png","contentUrl":"https:\/\/larsens-plads.dk\/wp-content\/uploads\/2025\/01\/larsenslogo-sort.png","width":2048,"height":1617,"caption":"Larsens Plads"},"image":{"@id":"https:\/\/larsens-plads.webserver10.dk\/#\/schema\/logo\/image\/"}}]}},"_links":{"self":[{"href":"https:\/\/larsens-plads.dk\/de\/wp-json\/wp\/v2\/pages\/10368","targetHints":{"allow":["GET"]}}],"collection":[{"href":"https:\/\/larsens-plads.dk\/de\/wp-json\/wp\/v2\/pages"}],"about":[{"href":"https:\/\/larsens-plads.dk\/de\/wp-json\/wp\/v2\/types\/page"}],"author":[{"embeddable":true,"href":"https:\/\/larsens-plads.dk\/de\/wp-json\/wp\/v2\/users\/1"}],"replies":[{"embeddable":true,"href":"https:\/\/larsens-plads.dk\/de\/wp-json\/wp\/v2\/comments?post=10368"}],"version-history":[{"count":7,"href":"https:\/\/larsens-plads.dk\/de\/wp-json\/wp\/v2\/pages\/10368\/revisions"}],"predecessor-version":[{"id":11187,"href":"https:\/\/larsens-plads.dk\/de\/wp-json\/wp\/v2\/pages\/10368\/revisions\/11187"}],"wp:attachment":[{"href":"https:\/\/larsens-plads.dk\/de\/wp-json\/wp\/v2\/media?parent=10368"}],"wp:term":[{"taxonomy":"category","embeddable":true,"href":"https:\/\/larsens-plads.dk\/de\/wp-json\/wp\/v2\/categories?post=10368"}],"curies":[{"name":"wp","href":"https:\/\/api.w.org\/{rel}","templated":true}]}}