{"id":10282,"date":"2024-12-11T13:53:05","date_gmt":"2024-12-11T12:53:05","guid":{"rendered":"https:\/\/larsens-plads.dk\/speisekarte\/"},"modified":"2026-04-09T11:17:16","modified_gmt":"2026-04-09T09:17:16","slug":"speisekarte","status":"publish","type":"page","link":"https:\/\/larsens-plads.dk\/de\/speisekarte\/","title":{"rendered":"Speisekarte"},"content":{"rendered":"\t\t<div data-elementor-type=\"wp-page\" data-elementor-id=\"10282\" class=\"elementor elementor-10282 elementor-9395\" data-elementor-post-type=\"page\">\n\t\t\t\t<div class=\"elementor-element elementor-element-3f83a50e e-con-full e-flex e-con e-parent\" data-id=\"3f83a50e\" data-element_type=\"container\">\n\t\t\t\t<div class=\"elementor-element elementor-element-415d0ee6 elementor-widget elementor-widget-template\" data-id=\"415d0ee6\" data-element_type=\"widget\" data-widget_type=\"template.default\">\n\t\t\t\t<div class=\"elementor-widget-container\">\n\t\t\t\t\t<div class=\"elementor-template\">\n\t\t\t\t\t<div data-elementor-type=\"container\" data-elementor-id=\"6563\" class=\"elementor elementor-6563\" data-elementor-post-type=\"elementor_library\">\n\t\t\t\t<div class=\"elementor-element elementor-element-6b499f1f e-con-full no-padding e-flex e-con e-parent\" data-id=\"6b499f1f\" data-element_type=\"container\">\n\t\t\t\t<div class=\"elementor-element elementor-element-1ecbb66 elementor-widget elementor-widget-template\" data-id=\"1ecbb66\" data-element_type=\"widget\" data-widget_type=\"template.default\">\n\t\t\t\t<div class=\"elementor-widget-container\">\n\t\t\t\t\t<div class=\"elementor-template\">\n\t\t\t\t\t<div data-elementor-type=\"container\" data-elementor-id=\"6542\" class=\"elementor elementor-6542\" data-elementor-post-type=\"elementor_library\">\n\t\t\t\t<div class=\"elementor-element elementor-element-2bc4b5ab white e-flex e-con-boxed e-con e-parent\" data-id=\"2bc4b5ab\" data-element_type=\"container\" data-settings=\"{&quot;background_background&quot;:&quot;classic&quot;}\">\n\t\t\t\t\t<div class=\"e-con-inner\">\n\t\t\t\t\t<\/div>\n\t\t\t\t<\/div>\n\t\t\t\t<\/div>\n\t\t\t\t<\/div>\n\t\t\t\t<\/div>\n\t\t\t\t<\/div>\n\t\t\t\t<\/div>\n\t\t\t\t<\/div>\n\t\t\t\t<\/div>\n\t\t\t\t<\/div>\n\t\t\t\t<\/div>\n\t\t\t\t<\/div>\n\t\t<div class=\"elementor-element elementor-element-52c163d5 e-flex e-con-boxed e-con e-parent\" data-id=\"52c163d5\" data-element_type=\"container\">\n\t\t\t\t\t<div class=\"e-con-inner\">\n\t\t<div class=\"elementor-element elementor-element-9db4b69 e-con-full e-flex e-con e-child\" data-id=\"9db4b69\" data-element_type=\"container\">\n\t\t\t\t<div class=\"elementor-element elementor-element-52431dea elementor-widget elementor-widget-heading\" data-id=\"52431dea\" data-element_type=\"widget\" data-widget_type=\"heading.default\">\n\t\t\t\t<div class=\"elementor-widget-container\">\n\t\t\t<h2 class=\"elementor-heading-title elementor-size-default\">Siehe unsere Speisekarte<\/h2>\t\t<\/div>\n\t\t\t\t<\/div>\n\t\t\t\t<div class=\"elementor-element elementor-element-20637b1c elementor-widget-divider--view-line elementor-widget elementor-widget-divider\" data-id=\"20637b1c\" data-element_type=\"widget\" data-widget_type=\"divider.default\">\n\t\t\t\t<div class=\"elementor-widget-container\">\n\t\t\t\t\t<div class=\"elementor-divider\">\n\t\t\t<span class=\"elementor-divider-separator\">\n\t\t\t\t\t\t<\/span>\n\t\t<\/div>\n\t\t\t\t<\/div>\n\t\t\t\t<\/div>\n\t\t\t\t<div class=\"elementor-element elementor-element-4f73229 elementor-widget elementor-widget-text-editor\" data-id=\"4f73229\" data-element_type=\"widget\" data-widget_type=\"text-editor.default\">\n\t\t\t\t<div class=\"elementor-widget-container\">\n\t\t\t\t\t\t\t<h4>Willkommen im Restaurant Larsens Plads<\/h4><p><strong>Denken Sie daran, an der Bar zu bestellen<\/strong><\/p><p>HAPPY HOUR bei 15.30\u201316.30 Uhr \u2013 Verdoppeln Sie Ihr Fassbier, Wein, Sangria, Wildberry Sprits, Paloma und Gin\/Tonic<\/p><p>HAPPY HOUR bei 22.00\u201323.00 Uhr \u2013 Verdoppeln Sie Fassbier, Wein und ausgew\u00e4hlte Getr\u00e4nke (siehe Getr\u00e4nkekarte)<\/p>\t\t\t\t\t\t<\/div>\n\t\t\t\t<\/div>\n\t\t\t\t<\/div>\n\t\t\t\t\t<\/div>\n\t\t\t\t<\/div>\n\t\t<div class=\"elementor-element elementor-element-2db379a e-flex e-con-boxed e-con e-parent\" data-id=\"2db379a\" data-element_type=\"container\">\n\t\t\t\t\t<div class=\"e-con-inner\">\n\t\t\t\t<div class=\"elementor-element elementor-element-ca05dd3 elementor-widget elementor-widget-gallery\" data-id=\"ca05dd3\" data-element_type=\"widget\" data-settings=\"{&quot;columns&quot;:2,&quot;columns_tablet&quot;:1,&quot;gallery_layout&quot;:&quot;masonry&quot;,&quot;gap&quot;:{&quot;unit&quot;:&quot;px&quot;,&quot;size&quot;:15,&quot;sizes&quot;:[]},&quot;lazyload&quot;:&quot;yes&quot;,&quot;columns_mobile&quot;:1,&quot;gap_laptop&quot;:{&quot;unit&quot;:&quot;px&quot;,&quot;size&quot;:10,&quot;sizes&quot;:[]},&quot;gap_tablet&quot;:{&quot;unit&quot;:&quot;px&quot;,&quot;size&quot;:10,&quot;sizes&quot;:[]},&quot;gap_mobile&quot;:{&quot;unit&quot;:&quot;px&quot;,&quot;size&quot;:10,&quot;sizes&quot;:[]},&quot;link_to&quot;:&quot;file&quot;,&quot;overlay_background&quot;:&quot;yes&quot;,&quot;content_hover_animation&quot;:&quot;fade-in&quot;}\" data-widget_type=\"gallery.default\">\n\t\t\t\t<div class=\"elementor-widget-container\">\n\t\t\t\t\t<div class=\"elementor-gallery__container\">\n\t\t\t\t\t\t\t<a class=\"e-gallery-item elementor-gallery-item elementor-animated-content\" href=\"https:\/\/larsens-plads.dk\/wp-content\/uploads\/2026\/01\/Tysk-menu-2026_Side_02.png\" data-elementor-open-lightbox=\"yes\" data-elementor-lightbox-slideshow=\"ca05dd3\" data-e-action-hash=\"#elementor-action%3Aaction%3Dlightbox%26settings%3DeyJpZCI6MTIwODksInVybCI6Imh0dHBzOlwvXC9sYXJzZW5zLXBsYWRzLmRrXC93cC1jb250ZW50XC91cGxvYWRzXC8yMDI2XC8wMVwvVHlzay1tZW51LTIwMjZfU2lkZV8wMi5wbmciLCJzbGlkZXNob3ciOiJjYTA1ZGQzIn0%3D\" data-rel=\"-image-0\" data-rl_title=\"\" data-rl_caption=\"\" title=\"\">\n\t\t\t\t\t<div class=\"e-gallery-image elementor-gallery-item__image\" data-thumbnail=\"https:\/\/larsens-plads.dk\/wp-content\/uploads\/2026\/01\/Tysk-menu-2026_Side_02.png\" data-width=\"1655\" data-height=\"2339\" aria-label=\"\" role=\"img\" ><\/div>\n\t\t\t\t\t\t\t\t\t\t\t<div class=\"elementor-gallery-item__overlay\"><\/div>\n\t\t\t\t\t\t\t\t\t\t\t\t\t\t<\/a>\n\t\t\t\t\t\t\t<a class=\"e-gallery-item elementor-gallery-item elementor-animated-content\" href=\"https:\/\/larsens-plads.dk\/wp-content\/uploads\/2026\/01\/Tysk-menu-2025_Side_03.png\" data-elementor-open-lightbox=\"yes\" data-elementor-lightbox-slideshow=\"ca05dd3\" data-e-action-hash=\"#elementor-action%3Aaction%3Dlightbox%26settings%3DeyJpZCI6MTIwMTYsInVybCI6Imh0dHBzOlwvXC9sYXJzZW5zLXBsYWRzLmRrXC93cC1jb250ZW50XC91cGxvYWRzXC8yMDI2XC8wMVwvVHlzay1tZW51LTIwMjVfU2lkZV8wMy5wbmciLCJzbGlkZXNob3ciOiJjYTA1ZGQzIn0%3D\" data-rel=\"-image-1\" data-rl_title=\"\" data-rl_caption=\"\" title=\"\">\n\t\t\t\t\t<div class=\"e-gallery-image elementor-gallery-item__image\" data-thumbnail=\"https:\/\/larsens-plads.dk\/wp-content\/uploads\/2026\/01\/Tysk-menu-2025_Side_03.png\" data-width=\"1655\" data-height=\"2339\" aria-label=\"\" role=\"img\" ><\/div>\n\t\t\t\t\t\t\t\t\t\t\t<div class=\"elementor-gallery-item__overlay\"><\/div>\n\t\t\t\t\t\t\t\t\t\t\t\t\t\t<\/a>\n\t\t\t\t\t\t\t<a class=\"e-gallery-item elementor-gallery-item elementor-animated-content\" href=\"https:\/\/larsens-plads.dk\/wp-content\/uploads\/2026\/01\/Tysk-menu-2025_Side_04.png\" data-elementor-open-lightbox=\"yes\" data-elementor-lightbox-slideshow=\"ca05dd3\" data-e-action-hash=\"#elementor-action%3Aaction%3Dlightbox%26settings%3DeyJpZCI6MTIwMTksInVybCI6Imh0dHBzOlwvXC9sYXJzZW5zLXBsYWRzLmRrXC93cC1jb250ZW50XC91cGxvYWRzXC8yMDI2XC8wMVwvVHlzay1tZW51LTIwMjVfU2lkZV8wNC5wbmciLCJzbGlkZXNob3ciOiJjYTA1ZGQzIn0%3D\" data-rel=\"-image-2\" data-rl_title=\"\" data-rl_caption=\"\" title=\"\">\n\t\t\t\t\t<div class=\"e-gallery-image elementor-gallery-item__image\" data-thumbnail=\"https:\/\/larsens-plads.dk\/wp-content\/uploads\/2026\/01\/Tysk-menu-2025_Side_04.png\" data-width=\"1655\" data-height=\"2339\" aria-label=\"\" role=\"img\" ><\/div>\n\t\t\t\t\t\t\t\t\t\t\t<div class=\"elementor-gallery-item__overlay\"><\/div>\n\t\t\t\t\t\t\t\t\t\t\t\t\t\t<\/a>\n\t\t\t\t\t\t\t<a class=\"e-gallery-item elementor-gallery-item elementor-animated-content\" href=\"https:\/\/larsens-plads.dk\/wp-content\/uploads\/2026\/03\/Tysk-menu-2026-13-03_Side_05.png\" data-elementor-open-lightbox=\"yes\" data-elementor-lightbox-slideshow=\"ca05dd3\" data-e-action-hash=\"#elementor-action%3Aaction%3Dlightbox%26settings%3DeyJpZCI6MTIxNzgsInVybCI6Imh0dHBzOlwvXC9sYXJzZW5zLXBsYWRzLmRrXC93cC1jb250ZW50XC91cGxvYWRzXC8yMDI2XC8wM1wvVHlzay1tZW51LTIwMjYtMTMtMDNfU2lkZV8wNS5wbmciLCJzbGlkZXNob3ciOiJjYTA1ZGQzIn0%3D\" data-rel=\"-image-3\" data-rl_title=\"\" data-rl_caption=\"\" title=\"\">\n\t\t\t\t\t<div class=\"e-gallery-image elementor-gallery-item__image\" data-thumbnail=\"https:\/\/larsens-plads.dk\/wp-content\/uploads\/2026\/03\/Tysk-menu-2026-13-03_Side_05.png\" data-width=\"1655\" data-height=\"2339\" aria-label=\"\" role=\"img\" ><\/div>\n\t\t\t\t\t\t\t\t\t\t\t<div class=\"elementor-gallery-item__overlay\"><\/div>\n\t\t\t\t\t\t\t\t\t\t\t\t\t\t<\/a>\n\t\t\t\t\t\t\t<a class=\"e-gallery-item elementor-gallery-item elementor-animated-content\" href=\"https:\/\/larsens-plads.dk\/wp-content\/uploads\/2026\/01\/Tysk-menu-2025_Side_06.png\" data-elementor-open-lightbox=\"yes\" data-elementor-lightbox-slideshow=\"ca05dd3\" data-e-action-hash=\"#elementor-action%3Aaction%3Dlightbox%26settings%3DeyJpZCI6MTIwMjUsInVybCI6Imh0dHBzOlwvXC9sYXJzZW5zLXBsYWRzLmRrXC93cC1jb250ZW50XC91cGxvYWRzXC8yMDI2XC8wMVwvVHlzay1tZW51LTIwMjVfU2lkZV8wNi5wbmciLCJzbGlkZXNob3ciOiJjYTA1ZGQzIn0%3D\" data-rel=\"-image-4\" data-rl_title=\"\" data-rl_caption=\"\" title=\"\">\n\t\t\t\t\t<div class=\"e-gallery-image elementor-gallery-item__image\" data-thumbnail=\"https:\/\/larsens-plads.dk\/wp-content\/uploads\/2026\/01\/Tysk-menu-2025_Side_06.png\" data-width=\"1655\" data-height=\"2339\" aria-label=\"\" role=\"img\" ><\/div>\n\t\t\t\t\t\t\t\t\t\t\t<div class=\"elementor-gallery-item__overlay\"><\/div>\n\t\t\t\t\t\t\t\t\t\t\t\t\t\t<\/a>\n\t\t\t\t\t\t\t<a class=\"e-gallery-item elementor-gallery-item elementor-animated-content\" href=\"https:\/\/larsens-plads.dk\/wp-content\/uploads\/2026\/01\/Tysk-menu-2025_Side_07.png\" data-elementor-open-lightbox=\"yes\" data-elementor-lightbox-slideshow=\"ca05dd3\" data-e-action-hash=\"#elementor-action%3Aaction%3Dlightbox%26settings%3DeyJpZCI6MTIwMjgsInVybCI6Imh0dHBzOlwvXC9sYXJzZW5zLXBsYWRzLmRrXC93cC1jb250ZW50XC91cGxvYWRzXC8yMDI2XC8wMVwvVHlzay1tZW51LTIwMjVfU2lkZV8wNy5wbmciLCJzbGlkZXNob3ciOiJjYTA1ZGQzIn0%3D\" data-rel=\"-image-5\" data-rl_title=\"\" data-rl_caption=\"\" title=\"\">\n\t\t\t\t\t<div class=\"e-gallery-image elementor-gallery-item__image\" data-thumbnail=\"https:\/\/larsens-plads.dk\/wp-content\/uploads\/2026\/01\/Tysk-menu-2025_Side_07.png\" data-width=\"1655\" data-height=\"2339\" aria-label=\"\" role=\"img\" ><\/div>\n\t\t\t\t\t\t\t\t\t\t\t<div class=\"elementor-gallery-item__overlay\"><\/div>\n\t\t\t\t\t\t\t\t\t\t\t\t\t\t<\/a>\n\t\t\t\t\t\t\t<a class=\"e-gallery-item elementor-gallery-item elementor-animated-content\" href=\"https:\/\/larsens-plads.dk\/wp-content\/uploads\/2026\/04\/Tysk-menu-2026-april_Side_08.png\" data-elementor-open-lightbox=\"yes\" data-elementor-lightbox-slideshow=\"ca05dd3\" data-e-action-hash=\"#elementor-action%3Aaction%3Dlightbox%26settings%3DeyJpZCI6MTIzNTksInVybCI6Imh0dHBzOlwvXC9sYXJzZW5zLXBsYWRzLmRrXC93cC1jb250ZW50XC91cGxvYWRzXC8yMDI2XC8wNFwvVHlzay1tZW51LTIwMjYtYXByaWxfU2lkZV8wOC5wbmciLCJzbGlkZXNob3ciOiJjYTA1ZGQzIn0%3D\" data-rel=\"-image-6\" data-rl_title=\"\" data-rl_caption=\"\" title=\"\">\n\t\t\t\t\t<div class=\"e-gallery-image elementor-gallery-item__image\" data-thumbnail=\"https:\/\/larsens-plads.dk\/wp-content\/uploads\/2026\/04\/Tysk-menu-2026-april_Side_08.png\" data-width=\"1655\" data-height=\"2339\" aria-label=\"\" role=\"img\" ><\/div>\n\t\t\t\t\t\t\t\t\t\t\t<div class=\"elementor-gallery-item__overlay\"><\/div>\n\t\t\t\t\t\t\t\t\t\t\t\t\t\t<\/a>\n\t\t\t\t\t\t\t<a class=\"e-gallery-item elementor-gallery-item elementor-animated-content\" href=\"https:\/\/larsens-plads.dk\/wp-content\/uploads\/2026\/04\/Tysk-menu-2026-april_Side_09.png\" data-elementor-open-lightbox=\"yes\" data-elementor-lightbox-slideshow=\"ca05dd3\" data-e-action-hash=\"#elementor-action%3Aaction%3Dlightbox%26settings%3DeyJpZCI6MTIzNjIsInVybCI6Imh0dHBzOlwvXC9sYXJzZW5zLXBsYWRzLmRrXC93cC1jb250ZW50XC91cGxvYWRzXC8yMDI2XC8wNFwvVHlzay1tZW51LTIwMjYtYXByaWxfU2lkZV8wOS5wbmciLCJzbGlkZXNob3ciOiJjYTA1ZGQzIn0%3D\" data-rel=\"-image-7\" data-rl_title=\"\" data-rl_caption=\"\" title=\"\">\n\t\t\t\t\t<div class=\"e-gallery-image elementor-gallery-item__image\" data-thumbnail=\"https:\/\/larsens-plads.dk\/wp-content\/uploads\/2026\/04\/Tysk-menu-2026-april_Side_09.png\" data-width=\"1655\" data-height=\"2339\" aria-label=\"\" role=\"img\" ><\/div>\n\t\t\t\t\t\t\t\t\t\t\t<div class=\"elementor-gallery-item__overlay\"><\/div>\n\t\t\t\t\t\t\t\t\t\t\t\t\t\t<\/a>\n\t\t\t\t\t\t\t<a class=\"e-gallery-item elementor-gallery-item elementor-animated-content\" href=\"https:\/\/larsens-plads.dk\/wp-content\/uploads\/2026\/04\/ok-dette-er-dinks-2026_Side_2.png\" data-elementor-open-lightbox=\"yes\" data-elementor-lightbox-slideshow=\"ca05dd3\" data-e-action-hash=\"#elementor-action%3Aaction%3Dlightbox%26settings%3DeyJpZCI6MTIzMzMsInVybCI6Imh0dHBzOlwvXC9sYXJzZW5zLXBsYWRzLmRrXC93cC1jb250ZW50XC91cGxvYWRzXC8yMDI2XC8wNFwvb2stZGV0dGUtZXItZGlua3MtMjAyNl9TaWRlXzIucG5nIiwic2xpZGVzaG93IjoiY2EwNWRkMyJ9\" data-rel=\"-image-8\" data-rl_title=\"\" data-rl_caption=\"\" title=\"\">\n\t\t\t\t\t<div class=\"e-gallery-image elementor-gallery-item__image\" data-thumbnail=\"https:\/\/larsens-plads.dk\/wp-content\/uploads\/2026\/04\/ok-dette-er-dinks-2026_Side_2.png\" data-width=\"1026\" data-height=\"1450\" aria-label=\"\" role=\"img\" ><\/div>\n\t\t\t\t\t\t\t\t\t\t\t<div class=\"elementor-gallery-item__overlay\"><\/div>\n\t\t\t\t\t\t\t\t\t\t\t\t\t\t<\/a>\n\t\t\t\t\t\t\t<a class=\"e-gallery-item elementor-gallery-item elementor-animated-content\" href=\"https:\/\/larsens-plads.dk\/wp-content\/uploads\/2026\/04\/ok-dette-er-dinks-2026_Side_1.png\" data-elementor-open-lightbox=\"yes\" data-elementor-lightbox-slideshow=\"ca05dd3\" data-e-action-hash=\"#elementor-action%3Aaction%3Dlightbox%26settings%3DeyJpZCI6MTIzMzAsInVybCI6Imh0dHBzOlwvXC9sYXJzZW5zLXBsYWRzLmRrXC93cC1jb250ZW50XC91cGxvYWRzXC8yMDI2XC8wNFwvb2stZGV0dGUtZXItZGlua3MtMjAyNl9TaWRlXzEucG5nIiwic2xpZGVzaG93IjoiY2EwNWRkMyJ9\" data-rel=\"-image-9\" data-rl_title=\"\" data-rl_caption=\"\" title=\"\">\n\t\t\t\t\t<div class=\"e-gallery-image elementor-gallery-item__image\" data-thumbnail=\"https:\/\/larsens-plads.dk\/wp-content\/uploads\/2026\/04\/ok-dette-er-dinks-2026_Side_1.png\" data-width=\"1051\" data-height=\"1486\" aria-label=\"\" role=\"img\" ><\/div>\n\t\t\t\t\t\t\t\t\t\t\t<div class=\"elementor-gallery-item__overlay\"><\/div>\n\t\t\t\t\t\t\t\t\t\t\t\t\t\t<\/a>\n\t\t\t\t\t\t\t<a class=\"e-gallery-item elementor-gallery-item elementor-animated-content\" href=\"https:\/\/larsens-plads.dk\/wp-content\/uploads\/2026\/03\/all-inkl-2026-denne-til-prinmt.png\" data-elementor-open-lightbox=\"yes\" data-elementor-lightbox-slideshow=\"ca05dd3\" data-e-action-hash=\"#elementor-action%3Aaction%3Dlightbox%26settings%3DeyJpZCI6MTIyOTgsInVybCI6Imh0dHBzOlwvXC9sYXJzZW5zLXBsYWRzLmRrXC93cC1jb250ZW50XC91cGxvYWRzXC8yMDI2XC8wM1wvYWxsLWlua2wtMjAyNi1kZW5uZS10aWwtcHJpbm10LnBuZyIsInNsaWRlc2hvdyI6ImNhMDVkZDMifQ%3D%3D\" data-rel=\"-image-10\" data-rl_title=\"\" data-rl_caption=\"\" title=\"\">\n\t\t\t\t\t<div class=\"e-gallery-image elementor-gallery-item__image\" data-thumbnail=\"https:\/\/larsens-plads.dk\/wp-content\/uploads\/2026\/03\/all-inkl-2026-denne-til-prinmt.png\" data-width=\"1024\" data-height=\"1536\" aria-label=\"\" role=\"img\" ><\/div>\n\t\t\t\t\t\t\t\t\t\t\t<div class=\"elementor-gallery-item__overlay\"><\/div>\n\t\t\t\t\t\t\t\t\t\t\t\t\t\t<\/a>\n\t\t\t\t\t<\/div>\n\t\t\t<\/div>\n\t\t\t\t<\/div>\n\t\t\t\t\t<\/div>\n\t\t\t\t<\/div>\n\t\t\t\t<\/div>\n\t\t","protected":false},"excerpt":{"rendered":"<p>Siehe unsere Speisekarte Willkommen im Restaurant Larsens Plads Denken Sie daran, an der Bar zu bestellen HAPPY HOUR bei 15.30\u201316.30 Uhr \u2013 Verdoppeln Sie Ihr Fassbier, Wein, Sangria, Wildberry Sprits, Paloma und Gin\/Tonic HAPPY HOUR bei 22.00\u201323.00 Uhr \u2013 Verdoppeln Sie Fassbier, Wein und ausgew\u00e4hlte Getr\u00e4nke (siehe Getr\u00e4nkekarte)<\/p>\n","protected":false},"author":5,"featured_media":0,"parent":0,"menu_order":1001,"comment_status":"closed","ping_status":"closed","template":"","meta":{"_acf_changed":false,"footnotes":""},"categories":[],"class_list":["post-10282","page","type-page","status-publish"],"acf":[],"yoast_head":"<!-- This site is optimized with the Yoast SEO plugin v26.8 - https:\/\/yoast.com\/product\/yoast-seo-wordpress\/ -->\n<title>Speisekarte | Larsens Plads<\/title>\n<meta name=\"robots\" content=\"index, follow, max-snippet:-1, max-image-preview:large, max-video-preview:-1\" \/>\n<link rel=\"canonical\" href=\"https:\/\/larsens-plads.dk\/de\/speisekarte\/\" \/>\n<meta property=\"og:locale\" content=\"de_DE\" \/>\n<meta property=\"og:type\" content=\"article\" \/>\n<meta property=\"og:title\" content=\"Speisekarte | Larsens Plads\" \/>\n<meta property=\"og:description\" content=\"Siehe unsere Speisekarte Willkommen im Restaurant Larsens Plads Denken Sie daran, an der Bar zu bestellen HAPPY HOUR bei 15.30\u201316.30 Uhr \u2013 Verdoppeln Sie Ihr Fassbier, Wein, Sangria, Wildberry Sprits, Paloma und Gin\/Tonic HAPPY HOUR bei 22.00\u201323.00 Uhr \u2013 Verdoppeln Sie Fassbier, Wein und ausgew\u00e4hlte Getr\u00e4nke (siehe Getr\u00e4nkekarte)\" \/>\n<meta property=\"og:url\" content=\"https:\/\/larsens-plads.dk\/de\/speisekarte\/\" \/>\n<meta property=\"og:site_name\" content=\"Larsens Plads\" \/>\n<meta property=\"article:modified_time\" content=\"2026-04-09T09:17:16+00:00\" \/>\n<meta name=\"twitter:card\" content=\"summary_large_image\" \/>\n<script type=\"application\/ld+json\" class=\"yoast-schema-graph\">{\"@context\":\"https:\/\/schema.org\",\"@graph\":[{\"@type\":\"WebPage\",\"@id\":\"https:\/\/larsens-plads.dk\/de\/speisekarte\/\",\"url\":\"https:\/\/larsens-plads.dk\/de\/speisekarte\/\",\"name\":\"Speisekarte | Larsens Plads\",\"isPartOf\":{\"@id\":\"https:\/\/larsens-plads.webserver10.dk\/#website\"},\"datePublished\":\"2024-12-11T12:53:05+00:00\",\"dateModified\":\"2026-04-09T09:17:16+00:00\",\"breadcrumb\":{\"@id\":\"https:\/\/larsens-plads.dk\/de\/speisekarte\/#breadcrumb\"},\"inLanguage\":\"de\",\"potentialAction\":[{\"@type\":\"ReadAction\",\"target\":[\"https:\/\/larsens-plads.dk\/de\/speisekarte\/\"]}]},{\"@type\":\"BreadcrumbList\",\"@id\":\"https:\/\/larsens-plads.dk\/de\/speisekarte\/#breadcrumb\",\"itemListElement\":[{\"@type\":\"ListItem\",\"position\":1,\"name\":\"Forside\",\"item\":\"https:\/\/larsens-plads.dk\/de\/\"},{\"@type\":\"ListItem\",\"position\":2,\"name\":\"Speisekarte\"}]},{\"@type\":\"WebSite\",\"@id\":\"https:\/\/larsens-plads.webserver10.dk\/#website\",\"url\":\"https:\/\/larsens-plads.webserver10.dk\/\",\"name\":\"Larsens Plads\",\"description\":\"Restaurant Larsens Plads \u2013 Restaurant mit Live-Musik in Marielyst\",\"publisher\":{\"@id\":\"https:\/\/larsens-plads.webserver10.dk\/#organization\"},\"potentialAction\":[{\"@type\":\"SearchAction\",\"target\":{\"@type\":\"EntryPoint\",\"urlTemplate\":\"https:\/\/larsens-plads.webserver10.dk\/?s={search_term_string}\"},\"query-input\":{\"@type\":\"PropertyValueSpecification\",\"valueRequired\":true,\"valueName\":\"search_term_string\"}}],\"inLanguage\":\"de\"},{\"@type\":\"Organization\",\"@id\":\"https:\/\/larsens-plads.webserver10.dk\/#organization\",\"name\":\"Larsens Plads\",\"url\":\"https:\/\/larsens-plads.webserver10.dk\/\",\"logo\":{\"@type\":\"ImageObject\",\"inLanguage\":\"de\",\"@id\":\"https:\/\/larsens-plads.webserver10.dk\/#\/schema\/logo\/image\/\",\"url\":\"https:\/\/larsens-plads.dk\/wp-content\/uploads\/2025\/01\/larsenslogo-sort.png\",\"contentUrl\":\"https:\/\/larsens-plads.dk\/wp-content\/uploads\/2025\/01\/larsenslogo-sort.png\",\"width\":2048,\"height\":1617,\"caption\":\"Larsens Plads\"},\"image\":{\"@id\":\"https:\/\/larsens-plads.webserver10.dk\/#\/schema\/logo\/image\/\"}}]}<\/script>\n<!-- \/ Yoast SEO plugin. -->","yoast_head_json":{"title":"Speisekarte | Larsens Plads","robots":{"index":"index","follow":"follow","max-snippet":"max-snippet:-1","max-image-preview":"max-image-preview:large","max-video-preview":"max-video-preview:-1"},"canonical":"https:\/\/larsens-plads.dk\/de\/speisekarte\/","og_locale":"de_DE","og_type":"article","og_title":"Speisekarte | Larsens Plads","og_description":"Siehe unsere Speisekarte Willkommen im Restaurant Larsens Plads Denken Sie daran, an der Bar zu bestellen HAPPY HOUR bei 15.30\u201316.30 Uhr \u2013 Verdoppeln Sie Ihr Fassbier, Wein, Sangria, Wildberry Sprits, Paloma und Gin\/Tonic HAPPY HOUR bei 22.00\u201323.00 Uhr \u2013 Verdoppeln Sie Fassbier, Wein und ausgew\u00e4hlte Getr\u00e4nke (siehe Getr\u00e4nkekarte)","og_url":"https:\/\/larsens-plads.dk\/de\/speisekarte\/","og_site_name":"Larsens Plads","article_modified_time":"2026-04-09T09:17:16+00:00","twitter_card":"summary_large_image","schema":{"@context":"https:\/\/schema.org","@graph":[{"@type":"WebPage","@id":"https:\/\/larsens-plads.dk\/de\/speisekarte\/","url":"https:\/\/larsens-plads.dk\/de\/speisekarte\/","name":"Speisekarte | Larsens Plads","isPartOf":{"@id":"https:\/\/larsens-plads.webserver10.dk\/#website"},"datePublished":"2024-12-11T12:53:05+00:00","dateModified":"2026-04-09T09:17:16+00:00","breadcrumb":{"@id":"https:\/\/larsens-plads.dk\/de\/speisekarte\/#breadcrumb"},"inLanguage":"de","potentialAction":[{"@type":"ReadAction","target":["https:\/\/larsens-plads.dk\/de\/speisekarte\/"]}]},{"@type":"BreadcrumbList","@id":"https:\/\/larsens-plads.dk\/de\/speisekarte\/#breadcrumb","itemListElement":[{"@type":"ListItem","position":1,"name":"Forside","item":"https:\/\/larsens-plads.dk\/de\/"},{"@type":"ListItem","position":2,"name":"Speisekarte"}]},{"@type":"WebSite","@id":"https:\/\/larsens-plads.webserver10.dk\/#website","url":"https:\/\/larsens-plads.webserver10.dk\/","name":"Larsens Plads","description":"Restaurant Larsens Plads \u2013 Restaurant mit Live-Musik in Marielyst","publisher":{"@id":"https:\/\/larsens-plads.webserver10.dk\/#organization"},"potentialAction":[{"@type":"SearchAction","target":{"@type":"EntryPoint","urlTemplate":"https:\/\/larsens-plads.webserver10.dk\/?s={search_term_string}"},"query-input":{"@type":"PropertyValueSpecification","valueRequired":true,"valueName":"search_term_string"}}],"inLanguage":"de"},{"@type":"Organization","@id":"https:\/\/larsens-plads.webserver10.dk\/#organization","name":"Larsens Plads","url":"https:\/\/larsens-plads.webserver10.dk\/","logo":{"@type":"ImageObject","inLanguage":"de","@id":"https:\/\/larsens-plads.webserver10.dk\/#\/schema\/logo\/image\/","url":"https:\/\/larsens-plads.dk\/wp-content\/uploads\/2025\/01\/larsenslogo-sort.png","contentUrl":"https:\/\/larsens-plads.dk\/wp-content\/uploads\/2025\/01\/larsenslogo-sort.png","width":2048,"height":1617,"caption":"Larsens Plads"},"image":{"@id":"https:\/\/larsens-plads.webserver10.dk\/#\/schema\/logo\/image\/"}}]}},"_links":{"self":[{"href":"https:\/\/larsens-plads.dk\/de\/wp-json\/wp\/v2\/pages\/10282","targetHints":{"allow":["GET"]}}],"collection":[{"href":"https:\/\/larsens-plads.dk\/de\/wp-json\/wp\/v2\/pages"}],"about":[{"href":"https:\/\/larsens-plads.dk\/de\/wp-json\/wp\/v2\/types\/page"}],"author":[{"embeddable":true,"href":"https:\/\/larsens-plads.dk\/de\/wp-json\/wp\/v2\/users\/5"}],"replies":[{"embeddable":true,"href":"https:\/\/larsens-plads.dk\/de\/wp-json\/wp\/v2\/comments?post=10282"}],"version-history":[{"count":136,"href":"https:\/\/larsens-plads.dk\/de\/wp-json\/wp\/v2\/pages\/10282\/revisions"}],"predecessor-version":[{"id":12367,"href":"https:\/\/larsens-plads.dk\/de\/wp-json\/wp\/v2\/pages\/10282\/revisions\/12367"}],"wp:attachment":[{"href":"https:\/\/larsens-plads.dk\/de\/wp-json\/wp\/v2\/media?parent=10282"}],"wp:term":[{"taxonomy":"category","embeddable":true,"href":"https:\/\/larsens-plads.dk\/de\/wp-json\/wp\/v2\/categories?post=10282"}],"curies":[{"name":"wp","href":"https:\/\/api.w.org\/{rel}","templated":true}]}}